{"id":2833,"date":"2024-05-30T09:14:47","date_gmt":"2024-05-30T07:14:47","guid":{"rendered":"https:\/\/www.bio3dprinting.it\/?page_id=2833"},"modified":"2024-05-30T09:16:37","modified_gmt":"2024-05-30T07:16:37","slug":"privacy-policy-2","status":"publish","type":"page","link":"https:\/\/bio3dprinting.it\/en\/privacy-policy-2\/","title":{"rendered":"Privacy Policy"},"content":{"rendered":"<div data-elementor-type=\"wp-page\" data-elementor-id=\"2833\" class=\"elementor elementor-2833\">\n\t\t\t\t\t\t<section class=\"elementor-section elementor-top-section elementor-element elementor-element-2401d404 elementor-section-boxed elementor-section-height-default elementor-section-height-default\" data-id=\"2401d404\" data-element_type=\"section\" data-e-type=\"section\">\n\t\t\t\t\t\t<div class=\"elementor-container elementor-column-gap-default\">\n\t\t\t\t\t<div class=\"elementor-column elementor-col-100 elementor-top-column elementor-element elementor-element-3dcc18ed\" data-id=\"3dcc18ed\" data-element_type=\"column\" data-e-type=\"column\">\n\t\t\t<div class=\"elementor-widget-wrap elementor-element-populated\">\n\t\t\t\t\t\t<div class=\"elementor-element elementor-element-1204b6df elementor-widget elementor-widget-text-editor\" data-id=\"1204b6df\" data-element_type=\"widget\" data-e-type=\"widget\" data-widget_type=\"text-editor.default\">\n\t\t\t\t<div class=\"elementor-widget-container\">\n\t\t\t\t\t\t\t\t\t<h3>Informativa sul trattamento dei dati personali<\/h3><p>Bio3DPrinting S.r.l. si impegna a proteggere e rispettare la Sua privacy secondo le disposizioni introdotte con il Regolamento UE 2016\/679 (GDPR). La presente Informativa descrive modalit\u00e0 e finalit\u00e0 del trattamento e la tutela dei Suoi dati.<br \/><br \/><\/p><h3>Titolare del trattamento<\/h3><p>Il titolare del trattamento dei dati \u00e8\u00a0Il titolare e responsabile del trattamento dei dati \u00e8\u00a0<strong>Bio3DPrinting S.r.l. con sede in Via Signorelli 6\/8 \u2013 Loc. Sambuca \u2013 50028 Barberino Tavarnelle (FI) \u2013 P.I. 07094910481 \u2013 C.F. 07094910481 \u2013 Email: info@bio3dprinting.it<\/strong>,\u00a0che garantisce il rispetto della disciplina in materia di protezione dei dati personali.<\/p><p>\u00a0<\/p><h3>Informazioni del trattamento<\/h3><p><strong>Finalit\u00e0 e base giuridica del trattamento<\/strong><br \/>I dati personali da lei forniti compilando i moduli presenti su questo sito web saranno utilizzati per le finalit\u00e0 strettamente collegate alle sue richieste. Qualora le esprima esplicito consenso, potranno essere usati per l\u2019invio via email della newsletter periodica e di comunicazioni promozionali e commerciali di suo interesse.\u00a0<br \/>Si precisa che il consenso dato pu\u00f2 essere revocato in qualsiasi momento cliccando sul link presente in ogni mail inviata senza pregiudicare la liceit\u00e0 del trattamento effettuato fino al momento della revoca.<\/p><p><strong>Periodo di conservazione<\/strong><br \/>I dati personali raccolti per la finalit\u00e0 oggetto di questa informativa verranno conservati fino alla revoca del consenso, salvo che le stesse informazioni non formino oggetto di altri trattamenti da parte dello stesso Titolare. In ogni caso alla revoca del consenso i dati non verranno pi\u00f9 trattati per le finalit\u00e0 descritte, con l\u2019utilizzo di procedure anche informatizzate, nei modi e nei limiti necessari per perseguire le predette finalit\u00e0.<\/p><p>Agli interessati sono riconosciuti i diritti di cui all\u2019articolo 7 del citato Codice, il cui testo \u00e8 integralmente riportato in calce alla presente informativa, rivolgendo le richieste a\u00a0<strong>Bio3DPrinting S.r.l<\/strong>.<\/p><p>\u00a0<\/p><h3>Tipi di dati trattati<\/h3><p><strong>Dati di navigazione.<\/strong><br \/>I sistemi informatici e le procedure software preposte al funzionamento di questo sito web acquisiscono, nel corso del loro normale esercizio, alcuni dati personali la cui trasmissione \u00e8 implicita nell\u2019uso dei protocolli di comunicazione di Internet. Si tratta di informazioni che non sono raccolte per essere associate a interessati identificati, ma che per loro stessa natura potrebbero, attraverso elaborazioni ed associazioni con dati detenuti da terzi, permettere di identificare gli utenti. In questa categoria di dati rientrano gli indirizzi IP o i nomi a dominio dei computer utilizzati dagli utenti che si connettono al sito, gli indirizzi in notazione URI (Uniform Resource Identifier) delle risorse richieste, l\u2019orario della richiesta, il metodo utilizzato nel sottoporre la richiesta al server, la dimensione del file ottenuto in risposta, il codice numerico indicante lo stato della risposta data dal server (buon fine, errore, ecc.) ed altri parametri relativi al sistema operativo e all\u2019ambiente informatico dell\u2019utente.\u00a0Questi dati vengono utilizzati al solo fine di ricavare informazioni statistiche anonime sull\u2019uso del sito e per controllarne il corretto funzionamento.<br \/>I dati potrebbero essere utilizzati per l\u2019accertamento di responsabilit\u00e0 in caso di ipotetici reati informatici ai danni del sito.<\/p><p><strong>Dati forniti volontariamente dall\u2019utente<\/strong><br \/>L\u2019invio facoltativo, esplicito e volontario di posta elettronica agli indirizzi indicati su questo sito comporta la successiva acquisizione dell\u2019indirizzo del mittente, necessario per rispondere alle richieste, nonch\u00e9 degli eventuali altri dati personali inseriti nella missiva.<\/p><p>\u00a0<\/p><h3>Modalit\u00e0 del trattamento<\/h3><p>I dati personali sono trattati con strumenti manuali, informatici e telematici, automatizzati e non, per gli scopi per cui sono stati raccolti. Specifiche misure di sicurezza sono osservate per prevenire la perdita dei dati, usi illeciti o non corretti ed accessi non autorizzati. I dati raccolti, potranno essere utilizzati per conto del titolare del trattamento, dagli amministratori incaricati di svolgere servizi di elaborazione e di corretto svolgimento delle attivit\u00e0 del sito.<\/p><p>\u00a0<\/p><h3>Trasferimento delle informazioni all\u2019estero<\/h3><p>I dati personali forniti, immessi tramite questo o altri siti web, potranno essere trasferite ad altri paesi da noi o da nostri agenti allo scopo di assolvere agli obblighi contrattuali e dagli adempimenti obbligatori di comunicazione intra-gruppo.<\/p><p>\u00a0<\/p><h3>Diritti dell\u2019interessato<\/h3><ol><li>L\u2019interessato ha diritto di ottenere la conferma dell\u2019esistenza o meno di dati personali che lo riguardano, anche se non ancora registrati, e la loro comunicazione in forma intelligibile.<br \/>2.\u00a0L\u2019interessato ha diritto di ottenere l\u2019indicazione:<br \/>a) dell\u2019origine dei dati personali;<br \/>b) delle finalit\u00e0 e modalit\u00e0 del trattamento;<br \/>c) della logica applicata in caso di trattamento effettuato con l\u2019ausilio di strumenti elettronici;<br \/>d) degli estremi identificativi del titolare, dei responsabili e del rappresentante designato ai sensi dell\u2019art.5 comma 2;<br \/>e) dei soggetti o delle categorie di soggetti ai quali i dati personali possono essere comunicati o che possono venirne a conoscenza in qualit\u00e0 di rappresentante designato nel territorio dello Stato, di responsabili o incaricati.<br \/>3.\u00a0L\u2019interessato ha diritto di ottenere:<br \/>a) l\u2019aggiornamento, la rettificazione ovvero, quando vi ha interesse, l\u2019integrazione dei dati;<br \/>b) la cancellazione, la trasformazione in forma anonima o il blocco dei dati trattati in violazione di legge, compresi quelli di cui non \u00e8 necessaria la conservazione in relazione agli scopi per i quali i dati sono stati raccolti o successivamente trattati;<br \/>c) l\u2019attestazione che le operazioni di cui alle lettere a) e b) sono state portate a conoscenza, anche per quanto riguarda il loro contenuto, di coloro ai quali i dati sono stati comunicati o diffusi, eccettuato il caso in cui tale adempimento si rivela impossibile o comporta un impiego di mezzi manifestamente sproporzionato rispetto al diritto tutelato.<br \/>4.\u00a0L\u2019interessato ha diritto di opporsi, in tutto o in parte:<br \/>a) per motivi legittimi al trattamento dei dati personali che lo riguardano, ancorch\u00e9 pertinenti allo scopo della raccolta;<br \/>b) al trattamento di dati personali che lo riguardano a fini di invio di materiale pubblicitario o di vendita diretta o per il compimento di ricerche di mercato o di comunicazione commerciale.<\/li><\/ol>\t\t\t\t\t\t\t\t<\/div>\n\t\t\t\t<\/div>\n\t\t\t\t\t<\/div>\n\t\t<\/div>\n\t\t\t\t\t<\/div>\n\t\t<\/section>\n\t\t\t\t<\/div>","protected":false},"excerpt":{"rendered":"<p>Informativa sul trattamento dei dati personali Bio3DPrinting S.r.l. si impegna a proteggere e rispettare la Sua privacy secondo le disposizioni introdotte con il Regolamento UE 2016\/679 (GDPR). La presente Informativa descrive modalit\u00e0 e finalit\u00e0 del trattamento e la tutela dei Suoi dati. Titolare del trattamento Il titolare del trattamento dei dati \u00e8\u00a0Il titolare e responsabile [&hellip;]<\/p>\n","protected":false},"author":21,"featured_media":0,"parent":0,"menu_order":0,"comment_status":"closed","ping_status":"closed","template":"","meta":{"_acf_changed":false,"footnotes":""},"class_list":["post-2833","page","type-page","status-publish","hentry"],"acf":[],"yoast_head":"<!-- This site is optimized with the Yoast SEO plugin v27.3 - https:\/\/yoast.com\/product\/yoast-seo-wordpress\/ -->\n<title>Privacy Policy - Bio3DPrinting<\/title>\n<meta name=\"robots\" content=\"index, follow, max-snippet:-1, max-image-preview:large, max-video-preview:-1\" \/>\n<link rel=\"canonical\" href=\"https:\/\/bio3dprinting.it\/en\/privacy-policy-2\/\" \/>\n<meta property=\"og:locale\" content=\"en_GB\" \/>\n<meta property=\"og:type\" content=\"article\" \/>\n<meta property=\"og:title\" content=\"Privacy Policy - Bio3DPrinting\" \/>\n<meta property=\"og:description\" content=\"Informativa sul trattamento dei dati personali Bio3DPrinting S.r.l. si impegna a proteggere e rispettare la Sua privacy secondo le disposizioni introdotte con il Regolamento UE 2016\/679 (GDPR). La presente Informativa descrive modalit\u00e0 e finalit\u00e0 del trattamento e la tutela dei Suoi dati. Titolare del trattamento Il titolare del trattamento dei dati \u00e8\u00a0Il titolare e responsabile [&hellip;]\" \/>\n<meta property=\"og:url\" content=\"https:\/\/bio3dprinting.it\/en\/privacy-policy-2\/\" \/>\n<meta property=\"og:site_name\" content=\"Bio3DPrinting\" \/>\n<meta property=\"article:modified_time\" content=\"2024-05-30T07:16:37+00:00\" \/>\n<meta name=\"twitter:card\" content=\"summary_large_image\" \/>\n<meta name=\"twitter:label1\" content=\"Estimated reading time\" \/>\n\t<meta name=\"twitter:data1\" content=\"5 minutes\" \/>\n<script type=\"application\/ld+json\" class=\"yoast-schema-graph\">{\"@context\":\"https:\\\/\\\/schema.org\",\"@graph\":[{\"@type\":\"WebPage\",\"@id\":\"https:\\\/\\\/bio3dprinting.it\\\/privacy-policy-2\\\/\",\"url\":\"https:\\\/\\\/bio3dprinting.it\\\/privacy-policy-2\\\/\",\"name\":\"Privacy Policy - Bio3DPrinting\",\"isPartOf\":{\"@id\":\"https:\\\/\\\/bio3dprinting.it\\\/#website\"},\"datePublished\":\"2024-05-30T07:14:47+00:00\",\"dateModified\":\"2024-05-30T07:16:37+00:00\",\"inLanguage\":\"en-GB\",\"potentialAction\":[{\"@type\":\"ReadAction\",\"target\":[\"https:\\\/\\\/bio3dprinting.it\\\/privacy-policy-2\\\/\"]}]},{\"@type\":\"WebSite\",\"@id\":\"https:\\\/\\\/bio3dprinting.it\\\/#website\",\"url\":\"https:\\\/\\\/bio3dprinting.it\\\/\",\"name\":\"Bio3DPrinting\",\"description\":\"Soluzioni avanzate per la biofabbricazione di tessuti biocompatibili\",\"publisher\":{\"@id\":\"https:\\\/\\\/bio3dprinting.it\\\/#organization\"},\"potentialAction\":[{\"@type\":\"SearchAction\",\"target\":{\"@type\":\"EntryPoint\",\"urlTemplate\":\"https:\\\/\\\/bio3dprinting.it\\\/?s={search_term_string}\"},\"query-input\":{\"@type\":\"PropertyValueSpecification\",\"valueRequired\":true,\"valueName\":\"search_term_string\"}}],\"inLanguage\":\"en-GB\"},{\"@type\":\"Organization\",\"@id\":\"https:\\\/\\\/bio3dprinting.it\\\/#organization\",\"name\":\"Bio3DPrinting\",\"url\":\"https:\\\/\\\/bio3dprinting.it\\\/\",\"logo\":{\"@type\":\"ImageObject\",\"inLanguage\":\"en-GB\",\"@id\":\"https:\\\/\\\/bio3dprinting.it\\\/#\\\/schema\\\/logo\\\/image\\\/\",\"url\":\"https:\\\/\\\/bio3dprinting.it\\\/wp-content\\\/uploads\\\/sites\\\/7\\\/cropped-logo-2.png\",\"contentUrl\":\"https:\\\/\\\/bio3dprinting.it\\\/wp-content\\\/uploads\\\/sites\\\/7\\\/cropped-logo-2.png\",\"width\":400,\"height\":91,\"caption\":\"Bio3DPrinting\"},\"image\":{\"@id\":\"https:\\\/\\\/bio3dprinting.it\\\/#\\\/schema\\\/logo\\\/image\\\/\"}}]}<\/script>\n<!-- \/ Yoast SEO plugin. -->","yoast_head_json":{"title":"Privacy Policy - Bio3DPrinting","robots":{"index":"index","follow":"follow","max-snippet":"max-snippet:-1","max-image-preview":"max-image-preview:large","max-video-preview":"max-video-preview:-1"},"canonical":"https:\/\/bio3dprinting.it\/en\/privacy-policy-2\/","og_locale":"en_GB","og_type":"article","og_title":"Privacy Policy - Bio3DPrinting","og_description":"Informativa sul trattamento dei dati personali Bio3DPrinting S.r.l. si impegna a proteggere e rispettare la Sua privacy secondo le disposizioni introdotte con il Regolamento UE 2016\/679 (GDPR). La presente Informativa descrive modalit\u00e0 e finalit\u00e0 del trattamento e la tutela dei Suoi dati. Titolare del trattamento Il titolare del trattamento dei dati \u00e8\u00a0Il titolare e responsabile [&hellip;]","og_url":"https:\/\/bio3dprinting.it\/en\/privacy-policy-2\/","og_site_name":"Bio3DPrinting","article_modified_time":"2024-05-30T07:16:37+00:00","twitter_card":"summary_large_image","twitter_misc":{"Estimated reading time":"5 minutes"},"schema":{"@context":"https:\/\/schema.org","@graph":[{"@type":"WebPage","@id":"https:\/\/bio3dprinting.it\/privacy-policy-2\/","url":"https:\/\/bio3dprinting.it\/privacy-policy-2\/","name":"Privacy Policy - Bio3DPrinting","isPartOf":{"@id":"https:\/\/bio3dprinting.it\/#website"},"datePublished":"2024-05-30T07:14:47+00:00","dateModified":"2024-05-30T07:16:37+00:00","inLanguage":"en-GB","potentialAction":[{"@type":"ReadAction","target":["https:\/\/bio3dprinting.it\/privacy-policy-2\/"]}]},{"@type":"WebSite","@id":"https:\/\/bio3dprinting.it\/#website","url":"https:\/\/bio3dprinting.it\/","name":"Bio3DPrinting","description":"Soluzioni avanzate per la biofabbricazione di tessuti biocompatibili","publisher":{"@id":"https:\/\/bio3dprinting.it\/#organization"},"potentialAction":[{"@type":"SearchAction","target":{"@type":"EntryPoint","urlTemplate":"https:\/\/bio3dprinting.it\/?s={search_term_string}"},"query-input":{"@type":"PropertyValueSpecification","valueRequired":true,"valueName":"search_term_string"}}],"inLanguage":"en-GB"},{"@type":"Organization","@id":"https:\/\/bio3dprinting.it\/#organization","name":"Bio3DPrinting","url":"https:\/\/bio3dprinting.it\/","logo":{"@type":"ImageObject","inLanguage":"en-GB","@id":"https:\/\/bio3dprinting.it\/#\/schema\/logo\/image\/","url":"https:\/\/bio3dprinting.it\/wp-content\/uploads\/sites\/7\/cropped-logo-2.png","contentUrl":"https:\/\/bio3dprinting.it\/wp-content\/uploads\/sites\/7\/cropped-logo-2.png","width":400,"height":91,"caption":"Bio3DPrinting"},"image":{"@id":"https:\/\/bio3dprinting.it\/#\/schema\/logo\/image\/"}}]}},"_links":{"self":[{"href":"https:\/\/bio3dprinting.it\/en\/wp-json\/wp\/v2\/pages\/2833","targetHints":{"allow":["GET"]}}],"collection":[{"href":"https:\/\/bio3dprinting.it\/en\/wp-json\/wp\/v2\/pages"}],"about":[{"href":"https:\/\/bio3dprinting.it\/en\/wp-json\/wp\/v2\/types\/page"}],"author":[{"embeddable":true,"href":"https:\/\/bio3dprinting.it\/en\/wp-json\/wp\/v2\/users\/21"}],"replies":[{"embeddable":true,"href":"https:\/\/bio3dprinting.it\/en\/wp-json\/wp\/v2\/comments?post=2833"}],"version-history":[{"count":7,"href":"https:\/\/bio3dprinting.it\/en\/wp-json\/wp\/v2\/pages\/2833\/revisions"}],"predecessor-version":[{"id":2840,"href":"https:\/\/bio3dprinting.it\/en\/wp-json\/wp\/v2\/pages\/2833\/revisions\/2840"}],"wp:attachment":[{"href":"https:\/\/bio3dprinting.it\/en\/wp-json\/wp\/v2\/media?parent=2833"}],"curies":[{"name":"wp","href":"https:\/\/api.w.org\/{rel}","templated":true}]}}